{"id":1788,"date":"2021-11-09T08:17:03","date_gmt":"2021-11-09T07:17:03","guid":{"rendered":"https:\/\/neuromuscularworkout.com\/priser-og-praktiske-oplysninger\/online-live-group-classes\/"},"modified":"2026-01-02T13:17:42","modified_gmt":"2026-01-02T12:17:42","slug":"online-live-group-classes","status":"publish","type":"page","link":"https:\/\/neuromuscularworkout.com\/da\/priser-og-praktiske-oplysninger\/online-live-group-classes\/","title":{"rendered":"Online live group classes"},"content":{"rendered":"\t\t<div data-elementor-type=\"wp-page\" data-elementor-id=\"1788\" class=\"elementor elementor-1788 elementor-988\" data-elementor-post-type=\"page\">\n\t\t\t\t\t\t<section class=\"elementor-section elementor-top-section elementor-element elementor-element-aa7a092 elementor-section-boxed elementor-section-height-default elementor-section-height-default\" data-id=\"aa7a092\" data-element_type=\"section\" data-settings=\"{&quot;background_background&quot;:&quot;classic&quot;,&quot;jet_parallax_layout_list&quot;:[{&quot;_id&quot;:&quot;e98f517&quot;,&quot;jet_parallax_layout_image&quot;:{&quot;url&quot;:&quot;&quot;,&quot;id&quot;:&quot;&quot;,&quot;size&quot;:&quot;&quot;},&quot;jet_parallax_layout_image_tablet&quot;:{&quot;url&quot;:&quot;&quot;,&quot;id&quot;:&quot;&quot;,&quot;size&quot;:&quot;&quot;},&quot;jet_parallax_layout_image_mobile&quot;:{&quot;url&quot;:&quot;&quot;,&quot;id&quot;:&quot;&quot;,&quot;size&quot;:&quot;&quot;},&quot;jet_parallax_layout_speed&quot;:{&quot;unit&quot;:&quot;%&quot;,&quot;size&quot;:50,&quot;sizes&quot;:[]},&quot;jet_parallax_layout_type&quot;:&quot;scroll&quot;,&quot;jet_parallax_layout_direction&quot;:null,&quot;jet_parallax_layout_fx_direction&quot;:null,&quot;jet_parallax_layout_z_index&quot;:&quot;&quot;,&quot;jet_parallax_layout_bg_x&quot;:50,&quot;jet_parallax_layout_bg_x_tablet&quot;:&quot;&quot;,&quot;jet_parallax_layout_bg_x_mobile&quot;:&quot;&quot;,&quot;jet_parallax_layout_bg_y&quot;:50,&quot;jet_parallax_layout_bg_y_tablet&quot;:&quot;&quot;,&quot;jet_parallax_layout_bg_y_mobile&quot;:&quot;&quot;,&quot;jet_parallax_layout_bg_size&quot;:&quot;auto&quot;,&quot;jet_parallax_layout_bg_size_tablet&quot;:&quot;&quot;,&quot;jet_parallax_layout_bg_size_mobile&quot;:&quot;&quot;,&quot;jet_parallax_layout_animation_prop&quot;:&quot;transform&quot;,&quot;jet_parallax_layout_on&quot;:[&quot;desktop&quot;,&quot;tablet&quot;]}]}\">\n\t\t\t\t\t\t\t<div class=\"elementor-background-overlay\"><\/div>\n\t\t\t\t\t\t\t<div class=\"elementor-container elementor-column-gap-default\">\n\t\t\t\t\t<div class=\"elementor-column elementor-col-100 elementor-top-column elementor-element elementor-element-994ec9e\" data-id=\"994ec9e\" data-element_type=\"column\">\n\t\t\t<div class=\"elementor-widget-wrap elementor-element-populated\">\n\t\t\t\t\t\t<div class=\"elementor-element elementor-element-2023ca2 elementor-widget elementor-widget-heading\" data-id=\"2023ca2\" data-element_type=\"widget\" data-widget_type=\"heading.default\">\n\t\t\t\t<div class=\"elementor-widget-container\">\n\t\t\t\t\t<h3 class=\"elementor-heading-title elementor-size-default\">Neuromuscular Workout ONLINE<\/h3>\t\t\t\t<\/div>\n\t\t\t\t<\/div>\n\t\t\t\t\t<\/div>\n\t\t<\/div>\n\t\t\t\t\t<\/div>\n\t\t<\/section>\n\t\t\t\t<section class=\"elementor-section elementor-top-section elementor-element elementor-element-bcf9bbd elementor-section-boxed elementor-section-height-default elementor-section-height-default\" data-id=\"bcf9bbd\" data-element_type=\"section\" data-settings=\"{&quot;jet_parallax_layout_list&quot;:[{&quot;jet_parallax_layout_image&quot;:{&quot;url&quot;:&quot;&quot;,&quot;id&quot;:&quot;&quot;,&quot;size&quot;:&quot;&quot;},&quot;_id&quot;:&quot;560a17e&quot;,&quot;jet_parallax_layout_image_tablet&quot;:{&quot;url&quot;:&quot;&quot;,&quot;id&quot;:&quot;&quot;,&quot;size&quot;:&quot;&quot;},&quot;jet_parallax_layout_image_mobile&quot;:{&quot;url&quot;:&quot;&quot;,&quot;id&quot;:&quot;&quot;,&quot;size&quot;:&quot;&quot;},&quot;jet_parallax_layout_speed&quot;:{&quot;unit&quot;:&quot;%&quot;,&quot;size&quot;:50,&quot;sizes&quot;:[]},&quot;jet_parallax_layout_type&quot;:&quot;scroll&quot;,&quot;jet_parallax_layout_direction&quot;:null,&quot;jet_parallax_layout_fx_direction&quot;:null,&quot;jet_parallax_layout_z_index&quot;:&quot;&quot;,&quot;jet_parallax_layout_bg_x&quot;:50,&quot;jet_parallax_layout_bg_x_tablet&quot;:&quot;&quot;,&quot;jet_parallax_layout_bg_x_mobile&quot;:&quot;&quot;,&quot;jet_parallax_layout_bg_y&quot;:50,&quot;jet_parallax_layout_bg_y_tablet&quot;:&quot;&quot;,&quot;jet_parallax_layout_bg_y_mobile&quot;:&quot;&quot;,&quot;jet_parallax_layout_bg_size&quot;:&quot;auto&quot;,&quot;jet_parallax_layout_bg_size_tablet&quot;:&quot;&quot;,&quot;jet_parallax_layout_bg_size_mobile&quot;:&quot;&quot;,&quot;jet_parallax_layout_animation_prop&quot;:&quot;transform&quot;,&quot;jet_parallax_layout_on&quot;:[&quot;desktop&quot;,&quot;tablet&quot;]}]}\">\n\t\t\t\t\t\t<div class=\"elementor-container elementor-column-gap-default\">\n\t\t\t\t\t<div class=\"elementor-column elementor-col-100 elementor-top-column elementor-element elementor-element-5197f73\" data-id=\"5197f73\" data-element_type=\"column\" data-settings=\"{&quot;background_background&quot;:&quot;classic&quot;}\">\n\t\t\t<div class=\"elementor-widget-wrap elementor-element-populated\">\n\t\t\t\t\t\t<div class=\"elementor-element elementor-element-2380b27 elementor-widget elementor-widget-heading\" data-id=\"2380b27\" data-element_type=\"widget\" data-widget_type=\"heading.default\">\n\t\t\t\t<div class=\"elementor-widget-container\">\n\t\t\t\t\t<h3 class=\"elementor-heading-title elementor-size-default\"><img decoding=\"async\" style=\"width:90%\" src=\"https:\/\/neuromuscularworkout.com\/wp-content\/uploads\/2024\/08\/neuromuscular-workout-online-logo.png\"><\/h3>\t\t\t\t<\/div>\n\t\t\t\t<\/div>\n\t\t\t\t<div class=\"elementor-element elementor-element-33195e8 elementor-widget elementor-widget-price-list\" data-id=\"33195e8\" data-element_type=\"widget\" data-widget_type=\"price-list.default\">\n\t\t\t\t<div class=\"elementor-widget-container\">\n\t\t\t\t\t\n\t\t<ul class=\"elementor-price-list\">\n\n\t\t\t\t\t\t\t\t\t<li class=\"elementor-price-list-item\">\t\t\t\t\n\t\t\t\t<div class=\"elementor-price-list-text\">\n\t\t\t\t\t\t\t\t\t<div class=\"elementor-price-list-header\">\n\t\t\t\t\t\t\t\t\t\t\t<span class=\"elementor-price-list-title\">\n\t\t\t\t\t\t\t1. m\u00e5ned\t\t\t\t\t\t<\/span>\n\t\t\t\t\t\t\t\t\t\t\t\t\t\t\t\t\t\t<span class=\"elementor-price-list-separator\"><\/span>\n\t\t\t\t\t\t\t\t\t\t\t\t\t\t\t\t\t\t\t<span class=\"elementor-price-list-price\">99 kr.<\/span>\n\t\t\t\t\t\t\t\t\t\t<\/div>\n\t\t\t\t\t\t\t\t\t\t\t\t<\/div>\n\t\t\t\t<\/li>\t\t\t\t\t\n\t\t<\/ul>\n\n\t\t\t\t\t\t<\/div>\n\t\t\t\t<\/div>\n\t\t\t\t<div class=\"elementor-element elementor-element-ecf91bf elementor-widget elementor-widget-text-editor\" data-id=\"ecf91bf\" data-element_type=\"widget\" data-widget_type=\"text-editor.default\">\n\t\t\t\t<div class=\"elementor-widget-container\">\n\t\t\t\t\t\t\t\t\t<p>derefter<\/p>\t\t\t\t\t\t\t\t<\/div>\n\t\t\t\t<\/div>\n\t\t\t\t<div class=\"elementor-element elementor-element-c709b83 elementor-widget elementor-widget-price-list\" data-id=\"c709b83\" data-element_type=\"widget\" data-widget_type=\"price-list.default\">\n\t\t\t\t<div class=\"elementor-widget-container\">\n\t\t\t\t\t\n\t\t<ul class=\"elementor-price-list\">\n\n\t\t\t\t\t\t\t\t\t<li class=\"elementor-price-list-item\">\t\t\t\t\n\t\t\t\t<div class=\"elementor-price-list-text\">\n\t\t\t\t\t\t\t\t\t<div class=\"elementor-price-list-header\">\n\t\t\t\t\t\t\t\t\t\t\t<span class=\"elementor-price-list-title\">\n\t\t\t\t\t\t\tpr. m\u00e5ned*\t\t\t\t\t\t<\/span>\n\t\t\t\t\t\t\t\t\t\t\t\t\t\t\t\t\t\t<span class=\"elementor-price-list-separator\"><\/span>\n\t\t\t\t\t\t\t\t\t\t\t\t\t\t\t\t\t\t\t<span class=\"elementor-price-list-price\">299 Dkr.<\/span>\n\t\t\t\t\t\t\t\t\t\t<\/div>\n\t\t\t\t\t\t\t\t\t\t\t\t\t\t\t<p class=\"elementor-price-list-description\">\n\t\t\t\t\t\t\t*l\u00f8bende betalinger, indtil opsigeslse\t\t\t\t\t\t<\/p>\n\t\t\t\t\t\t\t\t<\/div>\n\t\t\t\t<\/li>\t\t\t\t\t\n\t\t<\/ul>\n\n\t\t\t\t\t\t<\/div>\n\t\t\t\t<\/div>\n\t\t\t\t<div class=\"elementor-element elementor-element-5c0aece elementor-widget elementor-widget-text-editor\" data-id=\"5c0aece\" data-element_type=\"widget\" data-widget_type=\"text-editor.default\">\n\t\t\t\t<div class=\"elementor-widget-container\">\n\t\t\t\t\t\t\t\t\t<p>Fuld til alle video \u00f8velser og video sessioner p\u00e5 <a href=\"https:\/\/app.neuromuscularworkout.com\/\" target=\"_blank\" rel=\"noopener\">Neuromuscular Workout ONLINE<\/a> og e-mail-p\u00e5mindelser med en udvalgt video-session kl. 6 alle hverdage<\/p>\t\t\t\t\t\t\t\t<\/div>\n\t\t\t\t<\/div>\n\t\t\t\t<div class=\"elementor-element elementor-element-d3341e9 elementor-hidden-desktop elementor-hidden-tablet elementor-hidden-mobile elementor-widget elementor-widget-heading\" data-id=\"d3341e9\" data-element_type=\"widget\" data-widget_type=\"heading.default\">\n\t\t\t\t<div class=\"elementor-widget-container\">\n\t\t\t\t\t<h3 class=\"elementor-heading-title elementor-size-default\">Tidspunkter for live-workout streams<\/h3>\t\t\t\t<\/div>\n\t\t\t\t<\/div>\n\t\t\t\t<div class=\"elementor-element elementor-element-96485e3 elementor-hidden-desktop elementor-hidden-tablet elementor-hidden-mobile elementor-widget elementor-widget-heading\" data-id=\"96485e3\" data-element_type=\"widget\" data-widget_type=\"heading.default\">\n\t\t\t\t<div class=\"elementor-widget-container\">\n\t\t\t\t\t<span class=\"elementor-heading-title elementor-size-default\">(Alle sessionstider er angivet ved centraleurop\u00e6isk tid - CET)<\/span>\t\t\t\t<\/div>\n\t\t\t\t<\/div>\n\t\t\t\t<div class=\"elementor-element elementor-element-81cb0b8 elementor-hidden-desktop elementor-hidden-tablet elementor-hidden-mobile elementor-widget elementor-widget-jet-table\" data-id=\"81cb0b8\" data-element_type=\"widget\" data-widget_type=\"jet-table.default\">\n\t\t\t\t<div class=\"elementor-widget-container\">\n\t\t\t\t\t<div class=\"elementor-jet-table jet-elements\">\n\t\t<div class=\"jet-table-wrapper jet-table-responsive-mobile\">\n\t\t\t<table class=\"jet-table jet-table--fa5-compat\">\n\t\t\t\t<thead class=\"jet-table__head\"><tr class=\"jet-table__head-row\"><th class=\"jet-table__cell elementor-repeater-item-167a321 jet-table__head-cell\" scope=\"col\"><div class=\"jet-table__cell-inner\"><div class=\"jet-table__cell-content\"><div class=\"jet-table__cell-text\">Dag<\/div><\/div><\/div><\/th><th class=\"jet-table__cell elementor-repeater-item-fa7f4d0 jet-table__head-cell\" scope=\"col\"><div class=\"jet-table__cell-inner\"><div class=\"jet-table__cell-content\"><div class=\"jet-table__cell-text\">Tid<\/div><\/div><\/div><\/th><\/tr><\/thead>\n\t\t\t\t\t\t\t\t<tbody class=\"jet-table__body\"><tr class=\"jet-table__body-row elementor-repeater-item-ae2e70a\"><td class=\"jet-table__cell elementor-repeater-item-a0c8961 jet-table__body-cell\"><div class=\"jet-table__cell-inner\"><div class=\"jet-table__cell-content\"><div class=\"jet-table__cell-text\">Mandag<\/div><\/div><\/div><\/td><td class=\"jet-table__cell elementor-repeater-item-d164b9b jet-table__body-cell\"><div class=\"jet-table__cell-inner\"><div class=\"jet-table__cell-content\"><div class=\"jet-table__cell-text\"> 8:00 (45 minutter)<\/div><\/div><\/div><\/td><\/tr><tr class=\"jet-table__body-row elementor-repeater-item-78036c9\"><td class=\"jet-table__cell elementor-repeater-item-da2bb25 jet-table__body-cell\"><div class=\"jet-table__cell-inner\"><div class=\"jet-table__cell-content\"><div class=\"jet-table__cell-text\">Tirsdag<\/div><\/div><\/div><\/td><td class=\"jet-table__cell elementor-repeater-item-57507de jet-table__body-cell\"><div class=\"jet-table__cell-inner\"><div class=\"jet-table__cell-content\"><div class=\"jet-table__cell-text\">7:00 (45 minutter)<\/div><\/div><\/div><\/td><\/tr><tr class=\"jet-table__body-row elementor-repeater-item-e79585e\"><td class=\"jet-table__cell elementor-repeater-item-07c1e2d jet-table__body-cell\"><div class=\"jet-table__cell-inner\"><div class=\"jet-table__cell-content\"><div class=\"jet-table__cell-text\">Torsdag<\/div><\/div><\/div><\/td><td class=\"jet-table__cell elementor-repeater-item-0cd06bd jet-table__body-cell\"><div class=\"jet-table__cell-inner\"><div class=\"jet-table__cell-content\"><div class=\"jet-table__cell-text\">7:00 (45 minutter)<\/div><\/div><\/div><\/td><\/tr><tr class=\"jet-table__body-row elementor-repeater-item-d41a16a\"><td class=\"jet-table__cell elementor-repeater-item-8c9d0da jet-table__body-cell\"><div class=\"jet-table__cell-inner\"><div class=\"jet-table__cell-content\"><div class=\"jet-table__cell-text\">Fredag <\/div><\/div><\/div><\/td><td class=\"jet-table__cell elementor-repeater-item-35f9c4d jet-table__body-cell\"><div class=\"jet-table__cell-inner\"><div class=\"jet-table__cell-content\"><div class=\"jet-table__cell-text\">8:00 (45 minutter)<\/div><\/div><\/div><\/td><\/tr><\/tbody>\n\t\t\t<\/table>\n\t\t<\/div>\n\n\t\t<\/div>\t\t\t\t<\/div>\n\t\t\t\t<\/div>\n\t\t\t\t<div class=\"elementor-element elementor-element-e2b0ebe elementor-hidden-desktop elementor-hidden-tablet elementor-hidden-mobile elementor-widget elementor-widget-text-editor\" data-id=\"e2b0ebe\" data-element_type=\"widget\" data-widget_type=\"text-editor.default\">\n\t\t\t\t<div class=\"elementor-widget-container\">\n\t\t\t\t\t\t\t\t\t<p>Se det fulde program <a href=\"https:\/\/app.neuromuscularworkout.com\/seasonal-live-workout-stream-schedule\/\" target=\"_blank\" rel=\"noopener\">her&gt;<\/a> <\/p>\t\t\t\t\t\t\t\t<\/div>\n\t\t\t\t<\/div>\n\t\t\t\t<div class=\"elementor-element elementor-element-e76ee90 elementor-align-justify elementor-invisible elementor-widget elementor-widget-button\" data-id=\"e76ee90\" data-element_type=\"widget\" data-settings=\"{&quot;_animation&quot;:&quot;fadeInDown&quot;}\" data-widget_type=\"button.default\">\n\t\t\t\t<div class=\"elementor-widget-container\">\n\t\t\t\t\t\t\t\t\t<div class=\"elementor-button-wrapper\">\n\t\t\t\t\t<a class=\"elementor-button elementor-button-link elementor-size-sm\" href=\"https:\/\/app.neuromuscularworkout.com\/neuromuscular-workout-online-abonnement\/\" target=\"_blank\" data-apptablink=\"upgrade-to-pro\">\n\t\t\t\t\t\t<span class=\"elementor-button-content-wrapper\">\n\t\t\t\t\t\t<span class=\"elementor-button-icon\">\n\t\t\t\t<i aria-hidden=\"true\" class=\"fas fa-chevron-right\"><\/i>\t\t\t<\/span>\n\t\t\t\t\t\t\t\t\t<span class=\"elementor-button-text\">Tilmeld dig nu<\/span>\n\t\t\t\t\t<\/span>\n\t\t\t\t\t<\/a>\n\t\t\t\t<\/div>\n\t\t\t\t\t\t\t\t<\/div>\n\t\t\t\t<\/div>\n\t\t\t\t\t<\/div>\n\t\t<\/div>\n\t\t\t\t\t<\/div>\n\t\t<\/section>\n\t\t\t\t<\/div>\n\t\t","protected":false},"excerpt":{"rendered":"<p>Neuromuscular Workout ONLINE 1. m\u00e5ned 99 kr. derefter pr. m\u00e5ned* 299 Dkr. *l\u00f8bende betalinger, indtil opsigeslse Fuld til alle video \u00f8velser og video sessioner p\u00e5 Neuromuscular Workout ONLINE og e-mail-p\u00e5mindelser med en udvalgt video-session kl. 6 alle hverdage Tidspunkter for live-workout streams (Alle sessionstider er angivet ved centraleurop\u00e6isk tid &#8211; CET) Dag Tid Mandag 8:00 &#8230; <a title=\"Online live group classes\" class=\"read-more\" href=\"https:\/\/neuromuscularworkout.com\/da\/priser-og-praktiske-oplysninger\/online-live-group-classes\/\" aria-label=\"Read more about Online live group classes\">L\u00e6s Mere<\/a><\/p>\n","protected":false},"author":2,"featured_media":0,"parent":1767,"menu_order":0,"comment_status":"closed","ping_status":"closed","template":"elementor_header_footer","meta":{"footnotes":""},"class_list":["post-1788","page","type-page","status-publish"],"yoast_head":"<!-- This site is optimized with the Yoast SEO plugin v24.9 - https:\/\/yoast.com\/wordpress\/plugins\/seo\/ -->\n<title>Online live group classes - Neuromuscular Workout<\/title>\n<meta name=\"robots\" content=\"index, follow, max-snippet:-1, max-image-preview:large, max-video-preview:-1\" \/>\n<link rel=\"canonical\" href=\"https:\/\/neuromuscularworkout.com\/da\/priser-og-praktiske-oplysninger\/online-live-group-classes\/\" \/>\n<meta property=\"og:locale\" content=\"da_DK\" \/>\n<meta property=\"og:type\" content=\"article\" \/>\n<meta property=\"og:title\" content=\"Online live group classes - Neuromuscular Workout\" \/>\n<meta property=\"og:description\" content=\"Neuromuscular Workout ONLINE 1. m\u00e5ned 99 kr. derefter pr. m\u00e5ned* 299 Dkr. *l\u00f8bende betalinger, indtil opsigeslse Fuld til alle video \u00f8velser og video sessioner p\u00e5 Neuromuscular Workout ONLINE og e-mail-p\u00e5mindelser med en udvalgt video-session kl. 6 alle hverdage Tidspunkter for live-workout streams (Alle sessionstider er angivet ved centraleurop\u00e6isk tid &#8211; CET) Dag Tid Mandag 8:00 ... L\u00e6s Mere\" \/>\n<meta property=\"og:url\" content=\"https:\/\/neuromuscularworkout.com\/da\/priser-og-praktiske-oplysninger\/online-live-group-classes\/\" \/>\n<meta property=\"og:site_name\" content=\"Neuromuscular Workout\" \/>\n<meta property=\"article:modified_time\" content=\"2026-01-02T12:17:42+00:00\" \/>\n<meta property=\"og:image\" content=\"https:\/\/neuromuscularworkout.com\/wp-content\/uploads\/2024\/08\/neuromuscular-workout-online-logo.png\" \/>\n<meta name=\"twitter:card\" content=\"summary_large_image\" \/>\n<script type=\"application\/ld+json\" class=\"yoast-schema-graph\">{\"@context\":\"https:\/\/schema.org\",\"@graph\":[{\"@type\":\"WebPage\",\"@id\":\"https:\/\/neuromuscularworkout.com\/da\/priser-og-praktiske-oplysninger\/online-live-group-classes\/\",\"url\":\"https:\/\/neuromuscularworkout.com\/da\/priser-og-praktiske-oplysninger\/online-live-group-classes\/\",\"name\":\"Online live group classes - Neuromuscular Workout\",\"isPartOf\":{\"@id\":\"https:\/\/neuromuscularworkout.com\/da\/#website\"},\"primaryImageOfPage\":{\"@id\":\"https:\/\/neuromuscularworkout.com\/da\/priser-og-praktiske-oplysninger\/online-live-group-classes\/#primaryimage\"},\"image\":{\"@id\":\"https:\/\/neuromuscularworkout.com\/da\/priser-og-praktiske-oplysninger\/online-live-group-classes\/#primaryimage\"},\"thumbnailUrl\":\"https:\/\/neuromuscularworkout.com\/wp-content\/uploads\/2024\/08\/neuromuscular-workout-online-logo.png\",\"datePublished\":\"2021-11-09T07:17:03+00:00\",\"dateModified\":\"2026-01-02T12:17:42+00:00\",\"breadcrumb\":{\"@id\":\"https:\/\/neuromuscularworkout.com\/da\/priser-og-praktiske-oplysninger\/online-live-group-classes\/#breadcrumb\"},\"inLanguage\":\"da-DK\",\"potentialAction\":[{\"@type\":\"ReadAction\",\"target\":[\"https:\/\/neuromuscularworkout.com\/da\/priser-og-praktiske-oplysninger\/online-live-group-classes\/\"]}]},{\"@type\":\"ImageObject\",\"inLanguage\":\"da-DK\",\"@id\":\"https:\/\/neuromuscularworkout.com\/da\/priser-og-praktiske-oplysninger\/online-live-group-classes\/#primaryimage\",\"url\":\"https:\/\/neuromuscularworkout.com\/wp-content\/uploads\/2024\/08\/neuromuscular-workout-online-logo.png\",\"contentUrl\":\"https:\/\/neuromuscularworkout.com\/wp-content\/uploads\/2024\/08\/neuromuscular-workout-online-logo.png\"},{\"@type\":\"BreadcrumbList\",\"@id\":\"https:\/\/neuromuscularworkout.com\/da\/priser-og-praktiske-oplysninger\/online-live-group-classes\/#breadcrumb\",\"itemListElement\":[{\"@type\":\"ListItem\",\"position\":1,\"name\":\"Home\",\"item\":\"https:\/\/neuromuscularworkout.com\/da\/\"},{\"@type\":\"ListItem\",\"position\":2,\"name\":\"Priser og praktiske oplysninger\",\"item\":\"https:\/\/neuromuscularworkout.com\/da\/priser-og-praktiske-oplysninger\/\"},{\"@type\":\"ListItem\",\"position\":3,\"name\":\"Online live group classes\"}]},{\"@type\":\"WebSite\",\"@id\":\"https:\/\/neuromuscularworkout.com\/da\/#website\",\"url\":\"https:\/\/neuromuscularworkout.com\/da\/\",\"name\":\"Neuromuscular Workout\",\"description\":\"Injury recovery, sports support and mobility training\",\"publisher\":{\"@id\":\"https:\/\/neuromuscularworkout.com\/da\/#organization\"},\"potentialAction\":[{\"@type\":\"SearchAction\",\"target\":{\"@type\":\"EntryPoint\",\"urlTemplate\":\"https:\/\/neuromuscularworkout.com\/da\/?s={search_term_string}\"},\"query-input\":{\"@type\":\"PropertyValueSpecification\",\"valueRequired\":true,\"valueName\":\"search_term_string\"}}],\"inLanguage\":\"da-DK\"},{\"@type\":\"Organization\",\"@id\":\"https:\/\/neuromuscularworkout.com\/da\/#organization\",\"name\":\"Neuromuscular Workout\",\"url\":\"https:\/\/neuromuscularworkout.com\/da\/\",\"logo\":{\"@type\":\"ImageObject\",\"inLanguage\":\"da-DK\",\"@id\":\"https:\/\/neuromuscularworkout.com\/da\/#\/schema\/logo\/image\/\",\"url\":\"https:\/\/neuromuscularworkout.com\/wp-content\/uploads\/2021\/10\/neuromuscular-workout-logotype-white.png\",\"contentUrl\":\"https:\/\/neuromuscularworkout.com\/wp-content\/uploads\/2021\/10\/neuromuscular-workout-logotype-white.png\",\"width\":780,\"height\":155,\"caption\":\"Neuromuscular Workout\"},\"image\":{\"@id\":\"https:\/\/neuromuscularworkout.com\/da\/#\/schema\/logo\/image\/\"}}]}<\/script>\n<!-- \/ Yoast SEO plugin. -->","yoast_head_json":{"title":"Online live group classes - Neuromuscular Workout","robots":{"index":"index","follow":"follow","max-snippet":"max-snippet:-1","max-image-preview":"max-image-preview:large","max-video-preview":"max-video-preview:-1"},"canonical":"https:\/\/neuromuscularworkout.com\/da\/priser-og-praktiske-oplysninger\/online-live-group-classes\/","og_locale":"da_DK","og_type":"article","og_title":"Online live group classes - Neuromuscular Workout","og_description":"Neuromuscular Workout ONLINE 1. m\u00e5ned 99 kr. derefter pr. m\u00e5ned* 299 Dkr. *l\u00f8bende betalinger, indtil opsigeslse Fuld til alle video \u00f8velser og video sessioner p\u00e5 Neuromuscular Workout ONLINE og e-mail-p\u00e5mindelser med en udvalgt video-session kl. 6 alle hverdage Tidspunkter for live-workout streams (Alle sessionstider er angivet ved centraleurop\u00e6isk tid &#8211; CET) Dag Tid Mandag 8:00 ... L\u00e6s Mere","og_url":"https:\/\/neuromuscularworkout.com\/da\/priser-og-praktiske-oplysninger\/online-live-group-classes\/","og_site_name":"Neuromuscular Workout","article_modified_time":"2026-01-02T12:17:42+00:00","og_image":[{"url":"https:\/\/neuromuscularworkout.com\/wp-content\/uploads\/2024\/08\/neuromuscular-workout-online-logo.png","type":"","width":"","height":""}],"twitter_card":"summary_large_image","schema":{"@context":"https:\/\/schema.org","@graph":[{"@type":"WebPage","@id":"https:\/\/neuromuscularworkout.com\/da\/priser-og-praktiske-oplysninger\/online-live-group-classes\/","url":"https:\/\/neuromuscularworkout.com\/da\/priser-og-praktiske-oplysninger\/online-live-group-classes\/","name":"Online live group classes - Neuromuscular Workout","isPartOf":{"@id":"https:\/\/neuromuscularworkout.com\/da\/#website"},"primaryImageOfPage":{"@id":"https:\/\/neuromuscularworkout.com\/da\/priser-og-praktiske-oplysninger\/online-live-group-classes\/#primaryimage"},"image":{"@id":"https:\/\/neuromuscularworkout.com\/da\/priser-og-praktiske-oplysninger\/online-live-group-classes\/#primaryimage"},"thumbnailUrl":"https:\/\/neuromuscularworkout.com\/wp-content\/uploads\/2024\/08\/neuromuscular-workout-online-logo.png","datePublished":"2021-11-09T07:17:03+00:00","dateModified":"2026-01-02T12:17:42+00:00","breadcrumb":{"@id":"https:\/\/neuromuscularworkout.com\/da\/priser-og-praktiske-oplysninger\/online-live-group-classes\/#breadcrumb"},"inLanguage":"da-DK","potentialAction":[{"@type":"ReadAction","target":["https:\/\/neuromuscularworkout.com\/da\/priser-og-praktiske-oplysninger\/online-live-group-classes\/"]}]},{"@type":"ImageObject","inLanguage":"da-DK","@id":"https:\/\/neuromuscularworkout.com\/da\/priser-og-praktiske-oplysninger\/online-live-group-classes\/#primaryimage","url":"https:\/\/neuromuscularworkout.com\/wp-content\/uploads\/2024\/08\/neuromuscular-workout-online-logo.png","contentUrl":"https:\/\/neuromuscularworkout.com\/wp-content\/uploads\/2024\/08\/neuromuscular-workout-online-logo.png"},{"@type":"BreadcrumbList","@id":"https:\/\/neuromuscularworkout.com\/da\/priser-og-praktiske-oplysninger\/online-live-group-classes\/#breadcrumb","itemListElement":[{"@type":"ListItem","position":1,"name":"Home","item":"https:\/\/neuromuscularworkout.com\/da\/"},{"@type":"ListItem","position":2,"name":"Priser og praktiske oplysninger","item":"https:\/\/neuromuscularworkout.com\/da\/priser-og-praktiske-oplysninger\/"},{"@type":"ListItem","position":3,"name":"Online live group classes"}]},{"@type":"WebSite","@id":"https:\/\/neuromuscularworkout.com\/da\/#website","url":"https:\/\/neuromuscularworkout.com\/da\/","name":"Neuromuscular Workout","description":"Injury recovery, sports support and mobility training","publisher":{"@id":"https:\/\/neuromuscularworkout.com\/da\/#organization"},"potentialAction":[{"@type":"SearchAction","target":{"@type":"EntryPoint","urlTemplate":"https:\/\/neuromuscularworkout.com\/da\/?s={search_term_string}"},"query-input":{"@type":"PropertyValueSpecification","valueRequired":true,"valueName":"search_term_string"}}],"inLanguage":"da-DK"},{"@type":"Organization","@id":"https:\/\/neuromuscularworkout.com\/da\/#organization","name":"Neuromuscular Workout","url":"https:\/\/neuromuscularworkout.com\/da\/","logo":{"@type":"ImageObject","inLanguage":"da-DK","@id":"https:\/\/neuromuscularworkout.com\/da\/#\/schema\/logo\/image\/","url":"https:\/\/neuromuscularworkout.com\/wp-content\/uploads\/2021\/10\/neuromuscular-workout-logotype-white.png","contentUrl":"https:\/\/neuromuscularworkout.com\/wp-content\/uploads\/2021\/10\/neuromuscular-workout-logotype-white.png","width":780,"height":155,"caption":"Neuromuscular Workout"},"image":{"@id":"https:\/\/neuromuscularworkout.com\/da\/#\/schema\/logo\/image\/"}}]}},"_links":{"self":[{"href":"https:\/\/neuromuscularworkout.com\/da\/wp-json\/wp\/v2\/pages\/1788","targetHints":{"allow":["GET"]}}],"collection":[{"href":"https:\/\/neuromuscularworkout.com\/da\/wp-json\/wp\/v2\/pages"}],"about":[{"href":"https:\/\/neuromuscularworkout.com\/da\/wp-json\/wp\/v2\/types\/page"}],"author":[{"embeddable":true,"href":"https:\/\/neuromuscularworkout.com\/da\/wp-json\/wp\/v2\/users\/2"}],"replies":[{"embeddable":true,"href":"https:\/\/neuromuscularworkout.com\/da\/wp-json\/wp\/v2\/comments?post=1788"}],"version-history":[{"count":15,"href":"https:\/\/neuromuscularworkout.com\/da\/wp-json\/wp\/v2\/pages\/1788\/revisions"}],"predecessor-version":[{"id":3147,"href":"https:\/\/neuromuscularworkout.com\/da\/wp-json\/wp\/v2\/pages\/1788\/revisions\/3147"}],"up":[{"embeddable":true,"href":"https:\/\/neuromuscularworkout.com\/da\/wp-json\/wp\/v2\/pages\/1767"}],"wp:attachment":[{"href":"https:\/\/neuromuscularworkout.com\/da\/wp-json\/wp\/v2\/media?parent=1788"}],"curies":[{"name":"wp","href":"https:\/\/api.w.org\/{rel}","templated":true}]}}